{"id":10973,"date":"2024-03-04T11:29:07","date_gmt":"2024-03-04T11:29:07","guid":{"rendered":"https:\/\/contaaccounting.com\/?page_id=10973"},"modified":"2024-03-12T06:21:01","modified_gmt":"2024-03-12T06:21:01","slug":"terms-of-use","status":"publish","type":"page","link":"https:\/\/contaaccounting.com\/pt\/terms-of-use\/","title":{"rendered":"Termos de uso"},"content":{"rendered":"<div data-elementor-type=\"wp-page\" data-elementor-id=\"10973\" class=\"elementor elementor-10973\">\n\t\t\t\t\t\t<section class=\"elementor-section elementor-top-section elementor-element elementor-element-d7568be elementor-section-stretched elementor-section-full_width elementor-section-height-default elementor-section-height-default\" data-id=\"d7568be\" data-element_type=\"section\" data-settings=\"{&quot;stretch_section&quot;:&quot;section-stretched&quot;,&quot;background_background&quot;:&quot;classic&quot;,&quot;background_image&quot;:{&quot;url&quot;:&quot;https:\\\/\\\/contaaccounting.com\\\/wp-content\\\/uploads\\\/2024\\\/03\\\/banner-about.jpg&quot;,&quot;id&quot;:10667,&quot;size&quot;:&quot;&quot;,&quot;alt&quot;:&quot;&quot;,&quot;source&quot;:&quot;library&quot;}}\">\n\t\t\t\t\t\t\t<div class=\"elementor-background-overlay\"><\/div>\n\t\t\t\t\t\t\t<div class=\"elementor-container elementor-column-gap-default\">\n\t\t\t\t\t<div class=\"elementor-column elementor-col-100 elementor-top-column elementor-element elementor-element-8491f3f\" data-id=\"8491f3f\" data-element_type=\"column\">\n\t\t\t<div class=\"elementor-widget-wrap elementor-element-populated\">\n\t\t\t\t<div class=\"elementor-element elementor-element-b69001c e-flex e-con-boxed e-con e-parent\" data-id=\"b69001c\" data-element_type=\"container\">\n\t\t\t\t\t<div class=\"e-con-inner\">\n\t\t\t\t<div class=\"elementor-element elementor-element-6e0da2b elementor-widget elementor-widget-text-editor\" data-id=\"6e0da2b\" data-element_type=\"widget\" data-widget_type=\"text-editor.default\">\n\t\t\t\t<div class=\"elementor-widget-container\">\n\t\t\t\t\t\t\t<h2><span style=\"color: #ffffff;\">Termos de uso<\/span><\/h2>\n<p style=\"font-weight: 600; font-size: 22px;\"><\/p>\t\t\t\t\t\t<\/div>\n\t\t\t\t<\/div>\n\t\t\t\t\t<\/div>\n\t\t\t\t<\/div>\n\t\t\t\t\t<\/div>\n\t\t<\/div>\n\t\t\t\t\t<\/div>\n\t\t<\/section>\n\t\t\t\t<section class=\"elementor-section elementor-top-section elementor-element elementor-element-5bded54 elementor-section-stretched elementor-section-boxed elementor-section-height-default elementor-section-height-default\" data-id=\"5bded54\" data-element_type=\"section\" data-settings=\"{&quot;stretch_section&quot;:&quot;section-stretched&quot;,&quot;background_background&quot;:&quot;classic&quot;,&quot;background_image&quot;:{&quot;url&quot;:&quot;&quot;,&quot;id&quot;:&quot;&quot;,&quot;size&quot;:&quot;&quot;}}\">\n\t\t\t\t\t\t<div class=\"elementor-container elementor-column-gap-default\">\n\t\t\t\t\t<div class=\"elementor-column elementor-col-100 elementor-top-column elementor-element elementor-element-92d8727\" data-id=\"92d8727\" data-element_type=\"column\">\n\t\t\t<div class=\"elementor-widget-wrap elementor-element-populated\">\n\t\t\t\t\t\t<div class=\"elementor-element elementor-element-35e2624 elementor-widget elementor-widget-heading\" data-id=\"35e2624\" data-element_type=\"widget\" data-widget_type=\"heading.default\">\n\t\t\t\t<div class=\"elementor-widget-container\">\n\t\t\t<h2 class=\"elementor-heading-title elementor-size-default\">Termos de uso deste site\n<\/h2>\t\t<\/div>\n\t\t\t\t<\/div>\n\t\t\t\t<div class=\"elementor-element elementor-element-58108fd elementor-widget elementor-widget-text-editor\" data-id=\"58108fd\" data-element_type=\"widget\" data-widget_type=\"text-editor.default\">\n\t\t\t\t<div class=\"elementor-widget-container\">\n\t\t\t\t\t\t\t<p>\u00c9 importante observar que os termos de uso, a pol\u00edtica de privacidade e quaisquer cl\u00e1usulas, pol\u00edticas e condi\u00e7\u00f5es relativas a este site s\u00e3o os mesmos. Se voc\u00ea tiver alguma obje\u00e7\u00e3o ou encontrar algum problema com este site de qualquer forma, \u00e9 aconselh\u00e1vel abster-se de us\u00e1-lo ou navegar nele. Ao continuar a usar ou navegar neste site ou utilizar os servi\u00e7os nele mantidos, voc\u00ea concorda TOTALMENTE em cumprir e ficar vinculado aos seguintes termos e condi\u00e7\u00f5es de uso, bem como \u00e0 nossa pol\u00edtica de privacidade e quaisquer cl\u00e1usulas, pol\u00edticas e condi\u00e7\u00f5es aqui mantidas. . Ao consentir com estes termos e condi\u00e7\u00f5es de uso, bem como com nossa pol\u00edtica de privacidade e quaisquer cl\u00e1usulas, pol\u00edticas e condi\u00e7\u00f5es mantidas neste site, voc\u00ea o faz de forma livre e volunt\u00e1ria, mantendo a mente e o corpo s\u00e3os, sem qualquer coa\u00e7\u00e3o ou influ\u00eancia indevida. e aceitam, reconhecem, compreendem e est\u00e3o plenamente familiarizados com o significado e o efeito do seu conte\u00fado.<\/p><p>O termo \u201cConta\u201d ou \u201cn\u00f3s\u201d ou \u201cn\u00f3s\u201d refere-se ao propriet\u00e1rio do site cujo dom\u00ednio registrado \u00e9 <a href=\"http:\/\/www.conta.com\/\" target=\"_new\">www.conta.com<\/a>.<\/p><p>O termo \u201cvoc\u00ea\u201d refere-se ao usu\u00e1rio, assinante, visualizador ou pessoa que navega em nosso site.<\/p>\t\t\t\t\t\t<\/div>\n\t\t\t\t<\/div>\n\t\t\t\t<div class=\"elementor-element elementor-element-01db578 elementor-widget elementor-widget-heading\" data-id=\"01db578\" data-element_type=\"widget\" data-widget_type=\"heading.default\">\n\t\t\t\t<div class=\"elementor-widget-container\">\n\t\t\t<h2 class=\"elementor-heading-title elementor-size-default\">O usu\u00e1rio est\u00e1 sujeito aos seguintes termos e condi\u00e7\u00f5es de uso:\n<\/h2>\t\t<\/div>\n\t\t\t\t<\/div>\n\t\t\t\t<div class=\"elementor-element elementor-element-9a80d0c elementor-widget elementor-widget-text-editor\" data-id=\"9a80d0c\" data-element_type=\"widget\" data-widget_type=\"text-editor.default\">\n\t\t\t\t<div class=\"elementor-widget-container\">\n\t\t\t\t\t\t\t<ul><li>O conte\u00fado das p\u00e1ginas deste site \u00e9 fornecido apenas para sua informa\u00e7\u00e3o geral e uso. Pode estar sujeito a altera\u00e7\u00f5es sem aviso pr\u00e9vio a qualquer usu\u00e1rio, assinante, visualizador ou pessoa que navegue em nosso site, tanto no presente como no futuro.<\/li><li>Nem a \u201cConta\u201d, nem qualquer terceiro, incluindo (mas n\u00e3o limitado a) seus funcion\u00e1rios, prestadores de servi\u00e7os, empregadores, afiliados e associados, fornecem qualquer garantia quanto \u00e0 exatid\u00e3o, pontualidade, desempenho, integridade, adequa\u00e7\u00e3o, sustentabilidade, corre\u00e7\u00e3o , efic\u00e1cia, confiabilidade ou qualquer outro aspecto de quaisquer informa\u00e7\u00f5es e materiais (ou qualquer coisa relacionada a eles) oferecidos neste site para qualquer finalidade espec\u00edfica ou relacionada. Ao utilizar este site, voc\u00ea concorda, reconhece e aceita que tais informa\u00e7\u00f5es e materiais (ou qualquer coisa relacionada a eles) podem conter erros, imprecis\u00f5es, equ\u00edvocos ou falhas, e exclu\u00edmos expressamente qualquer responsabilidade por tais erros, imprecis\u00f5es, equ\u00edvocos ou falhas em toda a extens\u00e3o permitida por lei.<\/li><li>O uso de qualquer informa\u00e7\u00e3o ou material deste site \u00e9 de responsabilidade exclusiva do usu\u00e1rio (assinante, visualizador ou pessoa que navega em nosso site). A Conta, incluindo (mas n\u00e3o se limitando a) terceiros, seus funcion\u00e1rios, prestadores de servi\u00e7os, empregadores, afiliados e associados, n\u00e3o ser\u00e1 responsabilizada em qualquer capacidade, incluindo, mas n\u00e3o se limitando a quaisquer representa\u00e7\u00f5es, expectativas, informa\u00e7\u00f5es, materiais, divulga\u00e7\u00f5es, danos (direta ou indiretamente) sofridos atrav\u00e9s da contrata\u00e7\u00e3o de nossos servi\u00e7os, prestadores de servi\u00e7os ou assuntos relacionados. Ser\u00e1 de responsabilidade exclusiva do usu\u00e1rio (assinante, visualizador ou pessoa que navega em nosso site) garantir que quaisquer produtos, servi\u00e7os ou informa\u00e7\u00f5es dispon\u00edveis atrav\u00e9s deste site atendam aos seus requisitos espec\u00edficos.<\/li><li>Todas as marcas registradas reproduzidas neste site, que n\u00e3o s\u00e3o de propriedade ou licenciadas ao operador (ou entidade, indiv\u00edduo ou empresa relevante), s\u00e3o reconhecidas neste site.<\/li><li>A utiliza\u00e7\u00e3o deste website e qualquer lit\u00edgio decorrente de tal utiliza\u00e7\u00e3o estar\u00e3o sujeitos, incluindo qualquer lei relativa \u00e0 resolu\u00e7\u00e3o de qualquer lit\u00edgio ou a\u00e7\u00e3o legal, \u00e0s leis da Rep\u00fablica da \u00c1frica do Sul.<\/li><li>Embora recebamos sugest\u00f5es e propostas de usu\u00e1rios potenciais e atuais, assinantes, visualizadores ou pessoas que navegam em nosso site, todos os termos e condi\u00e7\u00f5es de seu uso, bem como nossa pol\u00edtica de privacidade e quaisquer cl\u00e1usulas, pol\u00edticas e condi\u00e7\u00f5es aqui mantidas, s\u00e3o como eles permanecem e n\u00e3o est\u00e3o sujeitos a negocia\u00e7\u00e3o ou altera\u00e7\u00e3o.<\/li><\/ul>\t\t\t\t\t\t<\/div>\n\t\t\t\t<\/div>\n\t\t\t\t\t<\/div>\n\t\t<\/div>\n\t\t\t\t\t<\/div>\n\t\t<\/section>\n\t\t\t\t<\/div>","protected":false},"excerpt":{"rendered":"<p>Terms of Use Terms of Use for This Website It is important to note that the terms of use, privacy policy, and any clauses, policies, and conditions pertaining to this website are as they stand. If you have any objections or encounter any problems with this website in any capacity, you are advised to refrain [&hellip;]<\/p>","protected":false},"author":1,"featured_media":0,"parent":0,"menu_order":0,"comment_status":"closed","ping_status":"closed","template":"","meta":{"footnotes":""},"class_list":["post-10973","page","type-page","status-publish","hentry"],"yoast_head":"<!-- This site is optimized with the Yoast SEO plugin v26.1.1 - https:\/\/yoast.com\/wordpress\/plugins\/seo\/ -->\n<title>Terms of Use - Conta<\/title>\n<meta name=\"robots\" content=\"index, follow, max-snippet:-1, max-image-preview:large, max-video-preview:-1\" \/>\n<link rel=\"canonical\" href=\"https:\/\/contaaccounting.com\/pt\/terms-of-use\/\" \/>\n<meta property=\"og:locale\" content=\"pt_PT\" \/>\n<meta property=\"og:type\" content=\"article\" \/>\n<meta property=\"og:title\" content=\"Terms of Use - Conta\" \/>\n<meta property=\"og:description\" content=\"Terms of Use Terms of Use for This Website It is important to note that the terms of use, privacy policy, and any clauses, policies, and conditions pertaining to this website are as they stand. If you have any objections or encounter any problems with this website in any capacity, you are advised to refrain [&hellip;]\" \/>\n<meta property=\"og:url\" content=\"https:\/\/contaaccounting.com\/pt\/terms-of-use\/\" \/>\n<meta property=\"og:site_name\" content=\"Conta\" \/>\n<meta property=\"article:publisher\" content=\"https:\/\/www.facebook.com\/profile.php?id=61558367132053\" \/>\n<meta property=\"article:modified_time\" content=\"2024-03-12T06:21:01+00:00\" \/>\n<meta property=\"og:image\" content=\"https:\/\/contaaccounting.com\/wp-content\/uploads\/2024\/05\/Conta-Logo-1.png\" \/>\n\t<meta property=\"og:image:width\" content=\"1200\" \/>\n\t<meta property=\"og:image:height\" content=\"675\" \/>\n\t<meta property=\"og:image:type\" content=\"image\/png\" \/>\n<meta name=\"twitter:card\" content=\"summary_large_image\" \/>\n<meta name=\"twitter:label1\" content=\"Tempo estimado de leitura\" \/>\n\t<meta name=\"twitter:data1\" content=\"3 minutos\" \/>\n<script type=\"application\/ld+json\" class=\"yoast-schema-graph\">{\"@context\":\"https:\/\/schema.org\",\"@graph\":[{\"@type\":\"WebPage\",\"@id\":\"https:\/\/contaaccounting.com\/terms-of-use\/\",\"url\":\"https:\/\/contaaccounting.com\/terms-of-use\/\",\"name\":\"Terms of Use - Conta\",\"isPartOf\":{\"@id\":\"https:\/\/contaaccounting.com\/#website\"},\"datePublished\":\"2024-03-04T11:29:07+00:00\",\"dateModified\":\"2024-03-12T06:21:01+00:00\",\"breadcrumb\":{\"@id\":\"https:\/\/contaaccounting.com\/terms-of-use\/#breadcrumb\"},\"inLanguage\":\"pt-PT\",\"potentialAction\":[{\"@type\":\"ReadAction\",\"target\":[\"https:\/\/contaaccounting.com\/terms-of-use\/\"]}]},{\"@type\":\"BreadcrumbList\",\"@id\":\"https:\/\/contaaccounting.com\/terms-of-use\/#breadcrumb\",\"itemListElement\":[{\"@type\":\"ListItem\",\"position\":1,\"name\":\"Home\",\"item\":\"https:\/\/contaaccounting.com\/\"},{\"@type\":\"ListItem\",\"position\":2,\"name\":\"Terms of Use\"}]},{\"@type\":\"WebSite\",\"@id\":\"https:\/\/contaaccounting.com\/#website\",\"url\":\"https:\/\/contaaccounting.com\/\",\"name\":\"Conta Accouting\",\"description\":\"Top Accounting Services |  Simplifying Finances for You\",\"publisher\":{\"@id\":\"https:\/\/contaaccounting.com\/#organization\"},\"alternateName\":\"Best Conta Accounting Agency\",\"potentialAction\":[{\"@type\":\"SearchAction\",\"target\":{\"@type\":\"EntryPoint\",\"urlTemplate\":\"https:\/\/contaaccounting.com\/?s={search_term_string}\"},\"query-input\":{\"@type\":\"PropertyValueSpecification\",\"valueRequired\":true,\"valueName\":\"search_term_string\"}}],\"inLanguage\":\"pt-PT\"},{\"@type\":\"Organization\",\"@id\":\"https:\/\/contaaccounting.com\/#organization\",\"name\":\"Conta Accounting\",\"alternateName\":\"CONTA Accounting and Auditing Company\",\"url\":\"https:\/\/contaaccounting.com\/\",\"logo\":{\"@type\":\"ImageObject\",\"inLanguage\":\"pt-PT\",\"@id\":\"https:\/\/contaaccounting.com\/#\/schema\/logo\/image\/\",\"url\":\"https:\/\/contaaccounting.com\/wp-content\/uploads\/2024\/05\/cropped-Best-Accounting-Logo.png\",\"contentUrl\":\"https:\/\/contaaccounting.com\/wp-content\/uploads\/2024\/05\/cropped-Best-Accounting-Logo.png\",\"width\":512,\"height\":512,\"caption\":\"Conta Accounting\"},\"image\":{\"@id\":\"https:\/\/contaaccounting.com\/#\/schema\/logo\/image\/\"},\"sameAs\":[\"https:\/\/www.facebook.com\/profile.php?id=61558367132053\",\"https:\/\/www.linkedin.com\/company\/conta-accounting\/\"]}]}<\/script>\n<!-- \/ Yoast SEO plugin. -->","yoast_head_json":{"title":"Terms of Use - Conta","robots":{"index":"index","follow":"follow","max-snippet":"max-snippet:-1","max-image-preview":"max-image-preview:large","max-video-preview":"max-video-preview:-1"},"canonical":"https:\/\/contaaccounting.com\/pt\/terms-of-use\/","og_locale":"pt_PT","og_type":"article","og_title":"Terms of Use - Conta","og_description":"Terms of Use Terms of Use for This Website It is important to note that the terms of use, privacy policy, and any clauses, policies, and conditions pertaining to this website are as they stand. If you have any objections or encounter any problems with this website in any capacity, you are advised to refrain [&hellip;]","og_url":"https:\/\/contaaccounting.com\/pt\/terms-of-use\/","og_site_name":"Conta","article_publisher":"https:\/\/www.facebook.com\/profile.php?id=61558367132053","article_modified_time":"2024-03-12T06:21:01+00:00","og_image":[{"width":1200,"height":675,"url":"https:\/\/contaaccounting.com\/wp-content\/uploads\/2024\/05\/Conta-Logo-1.png","type":"image\/png"}],"twitter_card":"summary_large_image","twitter_misc":{"Tempo estimado de leitura":"3 minutos"},"schema":{"@context":"https:\/\/schema.org","@graph":[{"@type":"WebPage","@id":"https:\/\/contaaccounting.com\/terms-of-use\/","url":"https:\/\/contaaccounting.com\/terms-of-use\/","name":"Terms of Use - Conta","isPartOf":{"@id":"https:\/\/contaaccounting.com\/#website"},"datePublished":"2024-03-04T11:29:07+00:00","dateModified":"2024-03-12T06:21:01+00:00","breadcrumb":{"@id":"https:\/\/contaaccounting.com\/terms-of-use\/#breadcrumb"},"inLanguage":"pt-PT","potentialAction":[{"@type":"ReadAction","target":["https:\/\/contaaccounting.com\/terms-of-use\/"]}]},{"@type":"BreadcrumbList","@id":"https:\/\/contaaccounting.com\/terms-of-use\/#breadcrumb","itemListElement":[{"@type":"ListItem","position":1,"name":"Home","item":"https:\/\/contaaccounting.com\/"},{"@type":"ListItem","position":2,"name":"Terms of Use"}]},{"@type":"WebSite","@id":"https:\/\/contaaccounting.com\/#website","url":"https:\/\/contaaccounting.com\/","name":"Conta Contabilidade","description":"Melhores Servi\u00e7os de Contabilidade | Simplificando suas Finan\u00e7as","publisher":{"@id":"https:\/\/contaaccounting.com\/#organization"},"alternateName":"Best Conta Accounting Agency","potentialAction":[{"@type":"SearchAction","target":{"@type":"EntryPoint","urlTemplate":"https:\/\/contaaccounting.com\/?s={search_term_string}"},"query-input":{"@type":"PropertyValueSpecification","valueRequired":true,"valueName":"search_term_string"}}],"inLanguage":"pt-PT"},{"@type":"Organization","@id":"https:\/\/contaaccounting.com\/#organization","name":"Contabilidade","alternateName":"CONTA Accounting and Auditing Company","url":"https:\/\/contaaccounting.com\/","logo":{"@type":"ImageObject","inLanguage":"pt-PT","@id":"https:\/\/contaaccounting.com\/#\/schema\/logo\/image\/","url":"https:\/\/contaaccounting.com\/wp-content\/uploads\/2024\/05\/cropped-Best-Accounting-Logo.png","contentUrl":"https:\/\/contaaccounting.com\/wp-content\/uploads\/2024\/05\/cropped-Best-Accounting-Logo.png","width":512,"height":512,"caption":"Conta Accounting"},"image":{"@id":"https:\/\/contaaccounting.com\/#\/schema\/logo\/image\/"},"sameAs":["https:\/\/www.facebook.com\/profile.php?id=61558367132053","https:\/\/www.linkedin.com\/company\/conta-accounting\/"]}]}},"_links":{"self":[{"href":"https:\/\/contaaccounting.com\/pt\/wp-json\/wp\/v2\/pages\/10973","targetHints":{"allow":["GET"]}}],"collection":[{"href":"https:\/\/contaaccounting.com\/pt\/wp-json\/wp\/v2\/pages"}],"about":[{"href":"https:\/\/contaaccounting.com\/pt\/wp-json\/wp\/v2\/types\/page"}],"author":[{"embeddable":true,"href":"https:\/\/contaaccounting.com\/pt\/wp-json\/wp\/v2\/users\/1"}],"replies":[{"embeddable":true,"href":"https:\/\/contaaccounting.com\/pt\/wp-json\/wp\/v2\/comments?post=10973"}],"version-history":[{"count":0,"href":"https:\/\/contaaccounting.com\/pt\/wp-json\/wp\/v2\/pages\/10973\/revisions"}],"wp:attachment":[{"href":"https:\/\/contaaccounting.com\/pt\/wp-json\/wp\/v2\/media?parent=10973"}],"curies":[{"name":"wp","href":"https:\/\/api.w.org\/{rel}","templated":true}]}}